{"id":1160,"date":"2019-12-15T06:01:36","date_gmt":"2019-12-15T06:01:36","guid":{"rendered":"http:\/\/pluginspoint.com\/chariton\/\/?page_id=1160"},"modified":"2025-03-19T13:03:04","modified_gmt":"2025-03-19T13:03:04","slug":"iletisim-bilgisi","status":"publish","type":"page","link":"https:\/\/minaznakliyat.com\/main\/iletisim-bilgisi\/","title":{"rendered":"\u0130leti\u015fim"},"content":{"rendered":"\t\t<div data-elementor-type=\"wp-page\" data-elementor-id=\"1160\" class=\"elementor elementor-1160\">\n\t\t\t\t\t\t<section class=\"elementor-section elementor-top-section elementor-element elementor-element-3688ee2 elementor-section-boxed elementor-section-height-default elementor-section-height-default\" data-id=\"3688ee2\" data-element_type=\"section\">\n\t\t\t\t\t\t<div class=\"elementor-container elementor-column-gap-default\">\n\t\t\t\t\t<div class=\"elementor-column elementor-col-100 elementor-top-column elementor-element elementor-element-5879f8b\" data-id=\"5879f8b\" data-element_type=\"column\">\n\t\t\t<div class=\"elementor-widget-wrap elementor-element-populated\">\n\t\t\t\t\t\t<section class=\"elementor-section elementor-inner-section elementor-element elementor-element-e300491 elementor-section-boxed elementor-section-height-default elementor-section-height-default\" data-id=\"e300491\" data-element_type=\"section\">\n\t\t\t\t\t\t<div class=\"elementor-container elementor-column-gap-default\">\n\t\t\t\t\t<div class=\"elementor-column elementor-col-33 elementor-inner-column elementor-element elementor-element-3d758dd\" data-id=\"3d758dd\" data-element_type=\"column\">\n\t\t\t<div class=\"elementor-widget-wrap elementor-element-populated\">\n\t\t\t\t\t\t<div class=\"elementor-element elementor-element-ce1de6a elementor-widget elementor-widget-single-contact\" data-id=\"ce1de6a\" data-element_type=\"widget\" data-widget_type=\"single-contact.default\">\n\t\t\t\t<div class=\"elementor-widget-container\">\n\t\t\t\t\t\r\n\t\t<div class=\"single-contact-box text-center\">\r\n\t\t\t<div class=\"contact-icon\">\r\n\t\t\t\t\t\t\t\t\t<img decoding=\"async\" src=\"https:\/\/ifingerstudio.com\/chariton\/wp-content\/uploads\/2024\/11\/contact_icon01.png\" alt=\"Contact icon\">\r\n\t\t\t\t\t\t\t\t<i class=\"ifs-icon far fa-check\"><\/i>\r\n\t\t\t<\/div>\r\n\t\t\t<div class=\"contact-info\">\r\n\t\t\t\t<h4 >\r\n\t\t\t\t\tBize Ula\u015f\u0131n\t\t\t\t<\/h4>\r\n\t\t\t\t<div class=\"contact-text\" >\r\n\t\t\t\t\t<p>G\u00fcney Mah. Tu\u011frul Cad. Petrolc\u00fcler \u0130\u015f Han\u0131 No:2 K:4 D:80 K\u00f6rfez \/ KOCAEL\u0130<\/p>\t\t\t\t<\/div>\r\n\t\t\t<\/div>\r\n\t\t<\/div>\r\n\r\n\t\t\t\t\t\t<\/div>\n\t\t\t\t<\/div>\n\t\t\t\t\t<\/div>\n\t\t<\/div>\n\t\t\t\t<div class=\"elementor-column elementor-col-33 elementor-inner-column elementor-element elementor-element-6c2972e\" data-id=\"6c2972e\" data-element_type=\"column\">\n\t\t\t<div class=\"elementor-widget-wrap elementor-element-populated\">\n\t\t\t\t\t\t<div class=\"elementor-element elementor-element-31f0cb9 elementor-widget elementor-widget-single-contact\" data-id=\"31f0cb9\" data-element_type=\"widget\" data-widget_type=\"single-contact.default\">\n\t\t\t\t<div class=\"elementor-widget-container\">\n\t\t\t\t\t\r\n\t\t<div class=\"single-contact-box text-center\">\r\n\t\t\t<div class=\"contact-icon\">\r\n\t\t\t\t\t\t\t\t\t<img decoding=\"async\" src=\"https:\/\/ifingerstudio.com\/chariton\/wp-content\/uploads\/2024\/11\/contact_icon02.png\" alt=\"Contact icon\">\r\n\t\t\t\t\t\t\t\t<i class=\"ifs-icon far fa-check\"><\/i>\r\n\t\t\t<\/div>\r\n\t\t\t<div class=\"contact-info\">\r\n\t\t\t\t<h4 >\r\n\t\t\t\t\t\u0130leti\u015fim Numaralar\u0131\t\t\t\t<\/h4>\r\n\t\t\t\t<div class=\"contact-text\" >\r\n\t\t\t\t\t<a href=\"tel:+902625276566\">+90 262 527 65 66<\/a>\n<a href=\"tel:+905325445840\">+90 532 544 58 40<\/a>\t\t\t\t<\/div>\r\n\t\t\t<\/div>\r\n\t\t<\/div>\r\n\r\n\t\t\t\t\t\t<\/div>\n\t\t\t\t<\/div>\n\t\t\t\t\t<\/div>\n\t\t<\/div>\n\t\t\t\t<div class=\"elementor-column elementor-col-33 elementor-inner-column elementor-element elementor-element-c0ded37\" data-id=\"c0ded37\" data-element_type=\"column\">\n\t\t\t<div class=\"elementor-widget-wrap elementor-element-populated\">\n\t\t\t\t\t\t<div class=\"elementor-element elementor-element-ac23064 elementor-widget elementor-widget-single-contact\" data-id=\"ac23064\" data-element_type=\"widget\" data-widget_type=\"single-contact.default\">\n\t\t\t\t<div class=\"elementor-widget-container\">\n\t\t\t\t\t\r\n\t\t<div class=\"single-contact-box text-center\">\r\n\t\t\t<div class=\"contact-icon\">\r\n\t\t\t\t\t\t\t\t\t<img decoding=\"async\" src=\"https:\/\/ifingerstudio.com\/chariton\/wp-content\/uploads\/2024\/11\/contact_icon03.png\" alt=\"Contact icon\">\r\n\t\t\t\t\t\t\t\t<i class=\"ifs-icon far fa-check\"><\/i>\r\n\t\t\t<\/div>\r\n\t\t\t<div class=\"contact-info\">\r\n\t\t\t\t<h4 >\r\n\t\t\t\t\tE-posta\t\t\t\t<\/h4>\r\n\t\t\t\t<div class=\"contact-text\" >\r\n\t\t\t\t\t<a href=\"mailto:info@minaznakliyat.com\">info@minaznakliyat.com<\/a><br>\n<a href=\"mailto:minaznakliyat@gmail.com\">minaznakliyat@gmail.com<\/a>\t\t\t\t<\/div>\r\n\t\t\t<\/div>\r\n\t\t<\/div>\r\n\r\n\t\t\t\t\t\t<\/div>\n\t\t\t\t<\/div>\n\t\t\t\t\t<\/div>\n\t\t<\/div>\n\t\t\t\t\t<\/div>\n\t\t<\/section>\n\t\t\t\t\t<\/div>\n\t\t<\/div>\n\t\t\t\t\t<\/div>\n\t\t<\/section>\n\t\t\t\t<section class=\"elementor-section elementor-top-section elementor-element elementor-element-16f8faa elementor-section-boxed elementor-section-height-default elementor-section-height-default\" data-id=\"16f8faa\" data-element_type=\"section\">\n\t\t\t\t\t\t<div class=\"elementor-container elementor-column-gap-default\">\n\t\t\t\t\t<div class=\"elementor-column elementor-col-100 elementor-top-column elementor-element elementor-element-cfc40ea\" data-id=\"cfc40ea\" data-element_type=\"column\">\n\t\t\t<div class=\"elementor-widget-wrap elementor-element-populated\">\n\t\t\t\t\t\t<div class=\"elementor-element elementor-element-de3caa0 elementor-widget elementor-widget-google_maps\" data-id=\"de3caa0\" data-element_type=\"widget\" data-widget_type=\"google_maps.default\">\n\t\t\t\t<div class=\"elementor-widget-container\">\n\t\t\t\t\t\t\t<div class=\"elementor-custom-embed\">\n\t\t\t<iframe loading=\"lazy\"\n\t\t\t\t\tsrc=\"https:\/\/maps.google.com\/maps?q=Petrolc%C3%BCler%20%C4%B0%C5%9F%20Han%C4%B1&#038;t=m&#038;z=19&#038;output=embed&#038;iwloc=near\"\n\t\t\t\t\ttitle=\"Petrolc\u00fcler \u0130\u015f Han\u0131\"\n\t\t\t\t\taria-label=\"Petrolc\u00fcler \u0130\u015f Han\u0131\"\n\t\t\t><\/iframe>\n\t\t<\/div>\n\t\t\t\t\t\t<\/div>\n\t\t\t\t<\/div>\n\t\t\t\t\t<\/div>\n\t\t<\/div>\n\t\t\t\t\t<\/div>\n\t\t<\/section>\n\t\t\t\t<\/div>\n\t\t","protected":false},"excerpt":{"rendered":"<p>Bize Ula\u015f\u0131n G\u00fcney Mah. Tu\u011frul Cad. Petrolc\u00fcler \u0130\u015f Han\u0131 No:2 K:4 D:80 K\u00f6rfez \/ KOCAEL\u0130 \u0130leti\u015fim Numaralar\u0131 +90 262 527 65 66 +90 532 544 58 40 E-posta info@minaznakliyat.com minaznakliyat@gmail.com<\/p>\n","protected":false},"author":1,"featured_media":0,"parent":0,"menu_order":0,"comment_status":"closed","ping_status":"closed","template":"page-template\/blank-page-sidebar.php","meta":{"_acf_changed":false,"_siteseo_robots_primary_cat":"","pagelayer_contact_templates":[],"_pagelayer_content":"","footnotes":""},"class_list":["post-1160","page","type-page","status-publish","hentry"],"acf":[],"_links":{"self":[{"href":"https:\/\/minaznakliyat.com\/main\/wp-json\/wp\/v2\/pages\/1160","targetHints":{"allow":["GET"]}}],"collection":[{"href":"https:\/\/minaznakliyat.com\/main\/wp-json\/wp\/v2\/pages"}],"about":[{"href":"https:\/\/minaznakliyat.com\/main\/wp-json\/wp\/v2\/types\/page"}],"author":[{"embeddable":true,"href":"https:\/\/minaznakliyat.com\/main\/wp-json\/wp\/v2\/users\/1"}],"replies":[{"embeddable":true,"href":"https:\/\/minaznakliyat.com\/main\/wp-json\/wp\/v2\/comments?post=1160"}],"version-history":[{"count":20,"href":"https:\/\/minaznakliyat.com\/main\/wp-json\/wp\/v2\/pages\/1160\/revisions"}],"predecessor-version":[{"id":3350,"href":"https:\/\/minaznakliyat.com\/main\/wp-json\/wp\/v2\/pages\/1160\/revisions\/3350"}],"wp:attachment":[{"href":"https:\/\/minaznakliyat.com\/main\/wp-json\/wp\/v2\/media?parent=1160"}],"curies":[{"name":"wp","href":"https:\/\/api.w.org\/{rel}","templated":true}]}}